{"id":765,"date":"2026-03-02T09:06:15","date_gmt":"2026-03-02T09:06:15","guid":{"rendered":"https:\/\/eticoaldia.es\/?page_id=765"},"modified":"2026-03-02T10:12:28","modified_gmt":"2026-03-02T10:12:28","slug":"demo-sin-compromiso","status":"publish","type":"page","link":"https:\/\/eticoaldia.es\/?page_id=765","title":{"rendered":"Demo sin Compromiso"},"content":{"rendered":"\n<div class=\"wp-block-cover alignfull\" style=\"min-height:300px;aspect-ratio:unset;\"><span aria-hidden=\"true\" class=\"wp-block-cover__background has-nv-c-1-background-color has-background-dim-100 has-background-dim\"><\/span><div class=\"wp-block-cover__inner-container is-layout-flow wp-block-cover-is-layout-flow\">\n<div class=\"wp-block-group\"><div class=\"wp-block-group__inner-container is-layout-flow wp-block-group-is-layout-flow\"><\/div><\/div>\n\n\n\n<h1 class=\"wp-block-heading has-text-align-left has-neve-text-color-color has-nv-c-1-background-color has-text-color has-background\">Demo sin Compromiso<\/h1>\n\n\n\n<div class=\"wpcf7 no-js\" id=\"wpcf7-f766-o1\" lang=\"en-US\" dir=\"ltr\">\n<div class=\"screen-reader-response\"><p role=\"status\" aria-live=\"polite\" aria-atomic=\"true\"><\/p> <ul><\/ul><\/div>\n<form action=\"\/index.php?rest_route=%2Fwp%2Fv2%2Fpages%2F765#wpcf7-f766-o1\" method=\"post\" class=\"wpcf7-form init\" aria-label=\"Contact form\" novalidate=\"novalidate\" data-status=\"init\">\n<div style=\"display: none;\">\n<input type=\"hidden\" name=\"_wpcf7\" value=\"766\" \/>\n<input type=\"hidden\" name=\"_wpcf7_version\" value=\"5.8.4\" \/>\n<input type=\"hidden\" name=\"_wpcf7_locale\" value=\"en_US\" \/>\n<input type=\"hidden\" name=\"_wpcf7_unit_tag\" value=\"wpcf7-f766-o1\" \/>\n<input type=\"hidden\" name=\"_wpcf7_container_post\" value=\"0\" \/>\n<input type=\"hidden\" name=\"_wpcf7_posted_data_hash\" value=\"\" \/>\n<input type=\"hidden\" name=\"_wpcf7_recaptcha_response\" value=\"\" \/>\n<\/div>\n<div class=\"cf7-grid\">\n\t<div class=\"cf7-col\">\n\t\t<p><label> Nombre<br \/>\n<span class=\"wpcf7-form-control-wrap\" data-name=\"your-name\"><input size=\"40\" class=\"wpcf7-form-control wpcf7-text wpcf7-validates-as-required\" autocomplete=\"name\" aria-required=\"true\" aria-invalid=\"false\" value=\"\" type=\"text\" name=\"your-name\" \/><\/span><br \/>\n<\/label>\n\t\t<\/p>\n\t\t<p><label> Tel\u00e9fono<br \/>\n<span class=\"wpcf7-form-control-wrap\" data-name=\"your-telf\"><input size=\"40\" class=\"wpcf7-form-control wpcf7-text wpcf7-validates-as-required\" autocomplete=\"tel\" aria-required=\"true\" aria-invalid=\"false\" value=\"\" type=\"text\" name=\"your-telf\" \/><\/span><br \/>\n<\/label>\n\t\t<\/p>\n\t\t<p><label> Email<br \/>\n<span class=\"wpcf7-form-control-wrap\" data-name=\"your-email\"><input size=\"40\" class=\"wpcf7-form-control wpcf7-email wpcf7-validates-as-required wpcf7-text wpcf7-validates-as-email\" autocomplete=\"email\" aria-required=\"true\" aria-invalid=\"false\" value=\"\" type=\"email\" name=\"your-email\" \/><\/span><br \/>\n<\/label>\n\t\t<\/p>\n\t\t<p><label> Empresa<br \/>\n<span class=\"wpcf7-form-control-wrap\" data-name=\"your-empresa\"><input size=\"40\" class=\"wpcf7-form-control wpcf7-text wpcf7-validates-as-required\" aria-required=\"true\" aria-invalid=\"false\" value=\"\" type=\"text\" name=\"your-empresa\" \/><\/span><br \/>\n<\/label>\n\t\t<\/p>\n\t<\/div>\n\t<div class=\"cf7-col\">\n\t\t<p><label> \u00bfC\u00f3mo nos has conocido?<br \/>\n<span class=\"wpcf7-form-control-wrap\" data-name=\"menu-302\"><select class=\"wpcf7-form-control wpcf7-select\" aria-invalid=\"false\" name=\"menu-302\"><option value=\"Otra empresa usuario de EticoAldia\">Otra empresa usuario de EticoAldia<\/option><option value=\"Por Buscador\">Por Buscador<\/option><option value=\"Por Consigno\">Por Consigno<\/option><option value=\"Recomendaci\u00f3n de un tercero\">Recomendaci\u00f3n de un tercero<\/option><\/select><\/span><br \/>\n<\/label>\n\t\t<\/p>\n\t\t<p><label> Mensaje<br \/>\n<span class=\"wpcf7-form-control-wrap\" data-name=\"your-message\"><textarea cols=\"40\" rows=\"10\" class=\"wpcf7-form-control wpcf7-textarea\" aria-invalid=\"false\" name=\"your-message\"><\/textarea><\/span><br \/>\n<\/label>\n\t\t<\/p>\n\t\t<p><span class=\"wpcf7-form-control-wrap\" data-name=\"checkbox-760\"><span class=\"wpcf7-form-control wpcf7-checkbox wpcf7-validates-as-required\"><span class=\"wpcf7-list-item first last\"><label><input type=\"checkbox\" name=\"checkbox-760[]\" value=\"He le\u00eddo y acepto la Pol\u00edtica de Privacidad\" \/><span class=\"wpcf7-list-item-label\">He le\u00eddo y acepto la Pol\u00edtica de Privacidad<\/span><\/label><\/span><\/span><\/span>\n\t\t<\/p>\n\t\t<div class=\"cf7-submit\">\n\t\t\t<p><input class=\"wpcf7-form-control wpcf7-submit has-spinner\" type=\"submit\" value=\"Enviar\" \/>\n\t\t\t<\/p>\n\t\t<\/div>\n\t\t<p>Resp. Tratamiento COMPLIANCE CONSIGNO, S.L., con C.I.F. B40573636.<br \/>\nM\u00e1s informaci\u00f3n en <a href=\"https:\/\/eticoaldia.es\/?page_id=3\" target=\"_blank\" rel=\"noopener\">Pol\u00edtica de Privacidad<\/a>.<br \/>\nFinalidades: Gesti\u00f3n de la solicitud recibida a trav\u00e9s del formulario.\n\t\t<\/p>\n\t<\/div>\n<\/div><div class=\"wpcf7-response-output\" aria-hidden=\"true\"><\/div>\n<\/form>\n<\/div>\n\n<\/div><\/div>\n\n\n\n<div class=\"wp-block-cover alignfull\" style=\"min-height:420px;aspect-ratio:unset;\"><span aria-hidden=\"true\" class=\"wp-block-cover__background has-nv-site-bg-background-color has-background-dim-100 has-background-dim\"><\/span><div class=\"wp-block-cover__inner-container is-layout-flow wp-block-cover-is-layout-flow\">\n<div style=\"height:80px\" aria-hidden=\"true\" class=\"wp-block-spacer\"><\/div>\n\n\n\n<div class=\"wp-block-columns is-layout-flex wp-container-core-columns-is-layout-9d6595d7 wp-block-columns-is-layout-flex\">\n<div class=\"wp-block-column is-layout-flow wp-block-column-is-layout-flow\">\n<div style=\"height:24px\" aria-hidden=\"true\" class=\"wp-block-spacer\"><\/div>\n\n\n<div class=\"wp-block-image icon-style is-style-rounded\">\n<figure class=\"aligncenter is-resized\"><img decoding=\"async\" src=\"https:\/\/eticoaldia.es\/wp-content\/themes\/neve\/assets\/img\/starter-content\/icon-05.svg\" alt=\"\" style=\"width:48px;height:48px\"\/><\/figure>\n<\/div>\n\n\n<h3 class=\"wp-block-heading has-text-align-center has-neve-text-color-color has-text-color\">Ll\u00e1manos<\/h3>\n\n\n\n<p class=\"has-text-align-center has-neve-text-color-color has-text-color\" style=\"font-size:15px\">609 87 23 82<\/p>\n\n\n\n<div style=\"height:24px\" aria-hidden=\"true\" class=\"wp-block-spacer\"><\/div>\n<\/div>\n\n\n\n<div class=\"wp-block-column is-layout-flow wp-block-column-is-layout-flow\">\n<div style=\"height:24px\" aria-hidden=\"true\" class=\"wp-block-spacer\"><\/div>\n\n\n<div class=\"wp-block-image icon-style is-style-rounded\">\n<figure class=\"aligncenter is-resized\"><img decoding=\"async\" src=\"https:\/\/eticoaldia.es\/wp-content\/themes\/neve\/assets\/img\/starter-content\/icon-06.svg\" alt=\"\" style=\"width:48px;height:48px\"\/><\/figure>\n<\/div>\n\n\n<h3 class=\"wp-block-heading has-text-align-center has-neve-text-color-color has-text-color\">Email<\/h3>\n\n\n\n<p class=\"has-text-align-center has-neve-text-color-color has-text-color\" style=\"font-size:15px\"><a href=\"mailto:consigno@consignocpl.es\">consigno@consignocpl.es<\/a><\/p>\n\n\n\n<div style=\"height:24px\" aria-hidden=\"true\" class=\"wp-block-spacer\"><\/div>\n<\/div>\n\n\n\n<div class=\"wp-block-column is-layout-flow wp-block-column-is-layout-flow\">\n<div style=\"height:24px\" aria-hidden=\"true\" class=\"wp-block-spacer\"><\/div>\n\n\n<div class=\"wp-block-image icon-style is-style-rounded\">\n<figure class=\"aligncenter is-resized\"><img decoding=\"async\" src=\"https:\/\/eticoaldia.es\/wp-content\/themes\/neve\/assets\/img\/starter-content\/icon-04.svg\" alt=\"\" style=\"width:48px;height:48px\"\/><\/figure>\n<\/div>\n\n\n<h3 class=\"wp-block-heading has-text-align-center has-neve-text-color-color has-text-color\">Offices<\/h3>\n\n\n\n<p class=\"has-text-align-center has-neve-text-color-color has-text-color\" style=\"font-size:15px\">C\/ Dels Transits n\u00ba 2, 46002 Valencia<\/p>\n\n\n\n<div style=\"height:24px\" aria-hidden=\"true\" class=\"wp-block-spacer\"><\/div>\n<\/div>\n<\/div>\n\n\n\n<div style=\"height:30px\" aria-hidden=\"true\" class=\"wp-block-spacer\"><\/div>\n<\/div><\/div>\n\n\n\n<script>\ndocument.addEventListener('wpcf7mailsent', function () {\n  window.location.href = '\/?page_id=795';\n}, false);\n<\/script>\n","protected":false},"excerpt":{"rendered":"","protected":false},"author":2,"featured_media":0,"parent":0,"menu_order":0,"comment_status":"closed","ping_status":"closed","template":"","meta":{"neve_meta_sidebar":"","neve_meta_container":"","neve_meta_enable_content_width":"on","neve_meta_content_width":100,"neve_meta_title_alignment":"","neve_meta_author_avatar":"","neve_post_elements_order":"","neve_meta_disable_header":"","neve_meta_disable_footer":"","neve_meta_disable_title":"on","footnotes":""},"class_list":["post-765","page","type-page","status-publish","hentry"],"yoast_head":"<!-- This site is optimized with the Yoast SEO plugin v21.6 - https:\/\/yoast.com\/wordpress\/plugins\/seo\/ -->\n<title>Demo sin compromiso Canal \u00e9tico<\/title>\n<meta name=\"description\" content=\"Demo sin Compromiso. Contribuya a mantener altos est\u00e1ndares \u00e9ticos en nuestra organizaci\u00f3n utilizando nuestro canal de denuncias.\" \/>\n<meta name=\"robots\" content=\"index, follow, max-snippet:-1, max-image-preview:large, max-video-preview:-1\" \/>\n<link rel=\"canonical\" href=\"https:\/\/eticoaldia.es\/?page_id=765\" \/>\n<meta property=\"og:locale\" content=\"en_US\" \/>\n<meta property=\"og:type\" content=\"article\" \/>\n<meta property=\"og:title\" content=\"Demo sin compromiso Canal \u00e9tico\" \/>\n<meta property=\"og:description\" content=\"Demo sin Compromiso. Contribuya a mantener altos est\u00e1ndares \u00e9ticos en nuestra organizaci\u00f3n utilizando nuestro canal de denuncias.\" \/>\n<meta property=\"og:url\" content=\"https:\/\/eticoaldia.es\/?page_id=765\" \/>\n<meta property=\"og:site_name\" content=\"\u00c9tico al D\u00eda. Tu canal \u00e9tico\" \/>\n<meta property=\"article:modified_time\" content=\"2026-03-02T10:12:28+00:00\" \/>\n<meta property=\"og:image\" content=\"https:\/\/eticoaldia.es\/wp-content\/themes\/neve\/assets\/img\/starter-content\/icon-05.svg\" \/>\n<meta name=\"twitter:card\" content=\"summary_large_image\" \/>\n<meta name=\"twitter:label1\" content=\"Est. reading time\" \/>\n\t<meta name=\"twitter:data1\" content=\"1 minute\" \/>\n<script type=\"application\/ld+json\" class=\"yoast-schema-graph\">{\"@context\":\"https:\/\/schema.org\",\"@graph\":[{\"@type\":\"WebPage\",\"@id\":\"https:\/\/eticoaldia.es\/?page_id=765\",\"url\":\"https:\/\/eticoaldia.es\/?page_id=765\",\"name\":\"Demo sin compromiso Canal \u00e9tico\",\"isPartOf\":{\"@id\":\"https:\/\/eticoaldia.es\/#website\"},\"datePublished\":\"2026-03-02T09:06:15+00:00\",\"dateModified\":\"2026-03-02T10:12:28+00:00\",\"description\":\"Demo sin Compromiso. Contribuya a mantener altos est\u00e1ndares \u00e9ticos en nuestra organizaci\u00f3n utilizando nuestro canal de denuncias.\",\"breadcrumb\":{\"@id\":\"https:\/\/eticoaldia.es\/?page_id=765#breadcrumb\"},\"inLanguage\":\"en-US\",\"potentialAction\":[{\"@type\":\"ReadAction\",\"target\":[\"https:\/\/eticoaldia.es\/?page_id=765\"]}]},{\"@type\":\"BreadcrumbList\",\"@id\":\"https:\/\/eticoaldia.es\/?page_id=765#breadcrumb\",\"itemListElement\":[{\"@type\":\"ListItem\",\"position\":1,\"name\":\"Home\",\"item\":\"https:\/\/eticoaldia.es\/\"},{\"@type\":\"ListItem\",\"position\":2,\"name\":\"Demo sin Compromiso\"}]},{\"@type\":\"WebSite\",\"@id\":\"https:\/\/eticoaldia.es\/#website\",\"url\":\"https:\/\/eticoaldia.es\/\",\"name\":\"\u00c9tico al D\u00eda. Tu canal \u00e9tico\",\"description\":\"\",\"publisher\":{\"@id\":\"https:\/\/eticoaldia.es\/#organization\"},\"potentialAction\":[{\"@type\":\"SearchAction\",\"target\":{\"@type\":\"EntryPoint\",\"urlTemplate\":\"https:\/\/eticoaldia.es\/?s={search_term_string}\"},\"query-input\":\"required name=search_term_string\"}],\"inLanguage\":\"en-US\"},{\"@type\":\"Organization\",\"@id\":\"https:\/\/eticoaldia.es\/#organization\",\"name\":\"\u00c9tico al D\u00eda. Tu canal \u00e9tico\",\"url\":\"https:\/\/eticoaldia.es\/\",\"logo\":{\"@type\":\"ImageObject\",\"inLanguage\":\"en-US\",\"@id\":\"https:\/\/eticoaldia.es\/#\/schema\/logo\/image\/\",\"url\":\"\",\"contentUrl\":\"\",\"caption\":\"\u00c9tico al D\u00eda. Tu canal \u00e9tico\"},\"image\":{\"@id\":\"https:\/\/eticoaldia.es\/#\/schema\/logo\/image\/\"}}]}<\/script>\n<!-- \/ Yoast SEO plugin. -->","yoast_head_json":{"title":"Demo sin compromiso Canal \u00e9tico","description":"Demo sin Compromiso. Contribuya a mantener altos est\u00e1ndares \u00e9ticos en nuestra organizaci\u00f3n utilizando nuestro canal de denuncias.","robots":{"index":"index","follow":"follow","max-snippet":"max-snippet:-1","max-image-preview":"max-image-preview:large","max-video-preview":"max-video-preview:-1"},"canonical":"https:\/\/eticoaldia.es\/?page_id=765","og_locale":"en_US","og_type":"article","og_title":"Demo sin compromiso Canal \u00e9tico","og_description":"Demo sin Compromiso. Contribuya a mantener altos est\u00e1ndares \u00e9ticos en nuestra organizaci\u00f3n utilizando nuestro canal de denuncias.","og_url":"https:\/\/eticoaldia.es\/?page_id=765","og_site_name":"\u00c9tico al D\u00eda. Tu canal \u00e9tico","article_modified_time":"2026-03-02T10:12:28+00:00","og_image":[{"url":"https:\/\/eticoaldia.es\/wp-content\/themes\/neve\/assets\/img\/starter-content\/icon-05.svg"}],"twitter_card":"summary_large_image","twitter_misc":{"Est. reading time":"1 minute"},"schema":{"@context":"https:\/\/schema.org","@graph":[{"@type":"WebPage","@id":"https:\/\/eticoaldia.es\/?page_id=765","url":"https:\/\/eticoaldia.es\/?page_id=765","name":"Demo sin compromiso Canal \u00e9tico","isPartOf":{"@id":"https:\/\/eticoaldia.es\/#website"},"datePublished":"2026-03-02T09:06:15+00:00","dateModified":"2026-03-02T10:12:28+00:00","description":"Demo sin Compromiso. Contribuya a mantener altos est\u00e1ndares \u00e9ticos en nuestra organizaci\u00f3n utilizando nuestro canal de denuncias.","breadcrumb":{"@id":"https:\/\/eticoaldia.es\/?page_id=765#breadcrumb"},"inLanguage":"en-US","potentialAction":[{"@type":"ReadAction","target":["https:\/\/eticoaldia.es\/?page_id=765"]}]},{"@type":"BreadcrumbList","@id":"https:\/\/eticoaldia.es\/?page_id=765#breadcrumb","itemListElement":[{"@type":"ListItem","position":1,"name":"Home","item":"https:\/\/eticoaldia.es\/"},{"@type":"ListItem","position":2,"name":"Demo sin Compromiso"}]},{"@type":"WebSite","@id":"https:\/\/eticoaldia.es\/#website","url":"https:\/\/eticoaldia.es\/","name":"\u00c9tico al D\u00eda. Tu canal \u00e9tico","description":"","publisher":{"@id":"https:\/\/eticoaldia.es\/#organization"},"potentialAction":[{"@type":"SearchAction","target":{"@type":"EntryPoint","urlTemplate":"https:\/\/eticoaldia.es\/?s={search_term_string}"},"query-input":"required name=search_term_string"}],"inLanguage":"en-US"},{"@type":"Organization","@id":"https:\/\/eticoaldia.es\/#organization","name":"\u00c9tico al D\u00eda. Tu canal \u00e9tico","url":"https:\/\/eticoaldia.es\/","logo":{"@type":"ImageObject","inLanguage":"en-US","@id":"https:\/\/eticoaldia.es\/#\/schema\/logo\/image\/","url":"","contentUrl":"","caption":"\u00c9tico al D\u00eda. Tu canal \u00e9tico"},"image":{"@id":"https:\/\/eticoaldia.es\/#\/schema\/logo\/image\/"}}]}},"rttpg_featured_image_url":null,"rttpg_author":{"display_name":"eticoaldia","author_link":"https:\/\/eticoaldia.es\/?author=2"},"rttpg_comment":0,"rttpg_category":null,"rttpg_excerpt":null,"_links":{"self":[{"href":"https:\/\/eticoaldia.es\/index.php?rest_route=\/wp\/v2\/pages\/765","targetHints":{"allow":["GET"]}}],"collection":[{"href":"https:\/\/eticoaldia.es\/index.php?rest_route=\/wp\/v2\/pages"}],"about":[{"href":"https:\/\/eticoaldia.es\/index.php?rest_route=\/wp\/v2\/types\/page"}],"author":[{"embeddable":true,"href":"https:\/\/eticoaldia.es\/index.php?rest_route=\/wp\/v2\/users\/2"}],"replies":[{"embeddable":true,"href":"https:\/\/eticoaldia.es\/index.php?rest_route=%2Fwp%2Fv2%2Fcomments&post=765"}],"version-history":[{"count":5,"href":"https:\/\/eticoaldia.es\/index.php?rest_route=\/wp\/v2\/pages\/765\/revisions"}],"predecessor-version":[{"id":799,"href":"https:\/\/eticoaldia.es\/index.php?rest_route=\/wp\/v2\/pages\/765\/revisions\/799"}],"wp:attachment":[{"href":"https:\/\/eticoaldia.es\/index.php?rest_route=%2Fwp%2Fv2%2Fmedia&parent=765"}],"curies":[{"name":"wp","href":"https:\/\/api.w.org\/{rel}","templated":true}]}}