{"id":7,"date":"2023-04-07T06:32:54","date_gmt":"2023-04-07T06:32:54","guid":{"rendered":"https:\/\/eticoaldia.es\/?page_id=7"},"modified":"2025-04-08T08:22:15","modified_gmt":"2025-04-08T08:22:15","slug":"canal_de_denuncia","status":"publish","type":"page","link":"https:\/\/eticoaldia.es\/","title":{"rendered":"Home"},"content":{"rendered":"\n<div class=\"wp-block-cover alignfull is-light\" style=\"min-height:700px;aspect-ratio:unset;\"><span aria-hidden=\"true\" class=\"wp-block-cover__background has-background-dim-0 has-background-dim\"><\/span><img decoding=\"async\" class=\"wp-block-cover__image-background\" alt=\"\" src=\"https:\/\/eticoaldia.es\/wp-content\/themes\/neve\/assets\/img\/starter-content\/hero.jpg\" style=\"object-position:50% 64%\" data-object-fit=\"cover\" data-object-position=\"50% 64%\"\/><div class=\"wp-block-cover__inner-container is-layout-flow wp-block-cover-is-layout-flow\">\n<div style=\"height:80px\" aria-hidden=\"true\" class=\"wp-block-spacer\"><\/div>\n\n\n\n<h1 class=\"wp-block-heading has-text-align-center\">\n  La aplicaci\u00f3n para gestionar un<br>\n  <span style=\"font-size: 1.5em;\">canal \u00e9tico<\/span>\n<\/h1>\n\n\n\n<p class=\"has-text-align-center\">Lleva la \u00e9tica a la acci\u00f3n.<br>Cumple la normativa con la aplicaci\u00f3n de \u00c9ticoAld\u00eda.<\/p>\n\n\n\n<div style=\"height:80px\" aria-hidden=\"true\" class=\"wp-block-spacer\"><\/div>\n\n\n\n<div style=\"height:80px\" aria-hidden=\"true\" class=\"wp-block-spacer\"><\/div>\n\n\n\n<p><\/p>\n<\/div><\/div>\n\n\n\n<div style=\"height:80px\" aria-hidden=\"true\" class=\"wp-block-spacer\"><\/div>\n\n\n\n<div class=\"wp-block-columns is-layout-flex wp-container-core-columns-is-layout-9d6595d7 wp-block-columns-is-layout-flex\">\n<div class=\"wp-block-column is-layout-flow wp-block-column-is-layout-flow\"><div class=\"wp-block-image\">\n<figure class=\"aligncenter size-full is-resized\"><img loading=\"lazy\" decoding=\"async\" width=\"512\" height=\"512\" src=\"https:\/\/eticoaldia.es\/wp-content\/uploads\/2025\/04\/3474360.png\" alt=\"\" class=\"wp-image-676\" style=\"width:48px;height:auto\"\/><\/figure>\n<\/div>\n\n\n<h3 class=\"wp-block-heading has-text-align-center has-neve-text-color-color has-text-color\">Inteligencia Artificial<\/h3>\n\n\n\n<p class=\"has-text-align-center\">A\u00f1adimos la Inteligencia Artificial para actualizar y gestionar las denuncias. Resuelve las dudas instante con esta nueva herramienta de ayuda dentro del canal de denuncias.<\/p>\n\n\n\n<p class=\"has-text-align-center\"><\/p>\n\n\n\n<div style=\"height:20px\" aria-hidden=\"true\" class=\"wp-block-spacer\"><\/div>\n<\/div>\n\n\n\n<div class=\"wp-block-column is-layout-flow wp-block-column-is-layout-flow\"><div class=\"wp-block-image icon-style is-style-default\">\n<figure class=\"aligncenter is-resized\"><img decoding=\"async\" src=\"https:\/\/eticoaldia.es\/wp-content\/themes\/neve\/assets\/img\/starter-content\/icon-03.svg\" alt=\"\" style=\"width:48px;height:48px\"\/><\/figure>\n<\/div>\n\n\n<h3 class=\"wp-block-heading has-text-align-center has-neve-text-color-color has-text-color\">Cumple la Normativa<\/h3>\n\n\n\n<p class=\"has-text-align-center\">Ley 2\/2023 de 20 de febrero y la Directiva (UE) 2019\/1937 del Parlamento Europeo y del Consejo de 23 de octubre de 2019 impone la obligaci\u00f3n de disponer de un canal de denuncias para ciertas organizaciones.<\/p>\n\n\n\n<div style=\"height:20px\" aria-hidden=\"true\" class=\"wp-block-spacer\"><\/div>\n<\/div>\n\n\n\n<div class=\"wp-block-column is-layout-flow wp-block-column-is-layout-flow\"><div class=\"wp-block-image icon-style is-style-default\">\n<figure class=\"aligncenter is-resized\"><img decoding=\"async\" src=\"https:\/\/eticoaldia.es\/wp-content\/themes\/neve\/assets\/img\/starter-content\/icon-02.svg\" alt=\"\" style=\"width:48px;height:48px\"\/><\/figure>\n<\/div>\n\n\n<h3 class=\"wp-block-heading has-text-align-center has-neve-text-color-color has-text-color\">Precios Competitivos<\/h3>\n\n\n\n<p class=\"has-text-align-center\">Contamos con tarifas personalizadas<br>seg\u00fan las necesidades de cada organizaci\u00f3n. Contacta con nosotros si quieres funcionalidades espec\u00edficas.<\/p>\n\n\n\n<div style=\"height:20px\" aria-hidden=\"true\" class=\"wp-block-spacer\"><\/div>\n<\/div>\n\n\n\n<div class=\"wp-block-column is-layout-flow wp-block-column-is-layout-flow\"><div class=\"wp-block-image icon-style is-style-rounded\">\n<figure class=\"aligncenter is-resized\"><img decoding=\"async\" src=\"https:\/\/eticoaldia.es\/wp-content\/themes\/neve\/assets\/img\/starter-content\/icon-01.svg\" alt=\"\" style=\"width:48px;height:48px\"\/><\/figure>\n<\/div>\n\n\n<h3 class=\"wp-block-heading has-text-align-center has-neve-text-color-color has-text-color\">F\u00e1cil Integraci\u00f3n<\/h3>\n\n\n\n<p class=\"has-text-align-center\">\u00c9ticoAld\u00eda ofrece la posibilidad de<br>personalizar el canal de denuncias para integrarlo a la web del cliente acorde con su imagen corporativa.<\/p>\n\n\n\n<div style=\"height:20px\" aria-hidden=\"true\" class=\"wp-block-spacer\"><\/div>\n<\/div>\n<\/div>\n\n\n\n<p><\/p>\n","protected":false},"excerpt":{"rendered":"<p>Inteligencia Artificial A\u00f1adimos la Inteligencia Artificial para actualizar y gestionar las denuncias. Resuelve las dudas instante con esta nueva herramienta de ayuda dentro del canal de denuncias. Cumple la Normativa Ley 2\/2023 de 20 de febrero y la Directiva (UE) 2019\/1937 del Parlamento Europeo y del Consejo de 23 de octubre de 2019 impone la&hellip;&nbsp;<a href=\"https:\/\/eticoaldia.es\/\" class=\"\" rel=\"bookmark\">Read More &raquo;<span class=\"screen-reader-text\">Home<\/span><\/a><\/p>\n","protected":false},"author":2,"featured_media":0,"parent":0,"menu_order":0,"comment_status":"closed","ping_status":"closed","template":"","meta":{"neve_meta_sidebar":"","neve_meta_container":"","neve_meta_enable_content_width":"on","neve_meta_content_width":100,"neve_meta_title_alignment":"","neve_meta_author_avatar":"","neve_post_elements_order":"","neve_meta_disable_header":"","neve_meta_disable_footer":"","neve_meta_disable_title":"on","footnotes":""},"class_list":["post-7","page","type-page","status-publish","hentry"],"yoast_head":"<!-- This site is optimized with the Yoast SEO plugin v21.6 - https:\/\/yoast.com\/wordpress\/plugins\/seo\/ -->\n<title>Canal de denuncias seguro y confidencial<\/title>\n<meta name=\"description\" content=\"Utilice nuestro canal de denuncias seguro y confidencial para reportar cualquier irregularidad. Protegemos su identidad.\" \/>\n<meta name=\"robots\" content=\"index, follow, max-snippet:-1, max-image-preview:large, max-video-preview:-1\" \/>\n<link rel=\"canonical\" href=\"https:\/\/eticoaldia.es\/\" \/>\n<meta property=\"og:locale\" content=\"en_US\" \/>\n<meta property=\"og:type\" content=\"article\" \/>\n<meta property=\"og:title\" content=\"Canal de denuncias seguro y confidencial\" \/>\n<meta property=\"og:description\" content=\"Utilice nuestro canal de denuncias seguro y confidencial para reportar cualquier irregularidad. Protegemos su identidad.\" \/>\n<meta property=\"og:url\" content=\"https:\/\/eticoaldia.es\/\" \/>\n<meta property=\"og:site_name\" content=\"\u00c9tico al D\u00eda. Tu canal \u00e9tico\" \/>\n<meta property=\"article:modified_time\" content=\"2025-04-08T08:22:15+00:00\" \/>\n<meta property=\"og:image\" content=\"https:\/\/eticoaldia.es\/wp-content\/themes\/neve\/assets\/img\/starter-content\/hero.jpg\" \/>\n<meta name=\"twitter:card\" content=\"summary_large_image\" \/>\n<meta name=\"twitter:label1\" content=\"Est. reading time\" \/>\n\t<meta name=\"twitter:data1\" content=\"2 minutes\" \/>\n<script type=\"application\/ld+json\" class=\"yoast-schema-graph\">{\"@context\":\"https:\/\/schema.org\",\"@graph\":[{\"@type\":\"WebPage\",\"@id\":\"https:\/\/eticoaldia.es\/\",\"url\":\"https:\/\/eticoaldia.es\/\",\"name\":\"Canal de denuncias seguro y confidencial\",\"isPartOf\":{\"@id\":\"https:\/\/eticoaldia.es\/#website\"},\"datePublished\":\"2023-04-07T06:32:54+00:00\",\"dateModified\":\"2025-04-08T08:22:15+00:00\",\"description\":\"Utilice nuestro canal de denuncias seguro y confidencial para reportar cualquier irregularidad. Protegemos su identidad.\",\"breadcrumb\":{\"@id\":\"https:\/\/eticoaldia.es\/#breadcrumb\"},\"inLanguage\":\"en-US\",\"potentialAction\":[{\"@type\":\"ReadAction\",\"target\":[\"https:\/\/eticoaldia.es\/\"]}]},{\"@type\":\"BreadcrumbList\",\"@id\":\"https:\/\/eticoaldia.es\/#breadcrumb\",\"itemListElement\":[{\"@type\":\"ListItem\",\"position\":1,\"name\":\"Home\",\"item\":\"https:\/\/eticoaldia.es\/\"},{\"@type\":\"ListItem\",\"position\":2,\"name\":\"Home\"}]},{\"@type\":\"WebSite\",\"@id\":\"https:\/\/eticoaldia.es\/#website\",\"url\":\"https:\/\/eticoaldia.es\/\",\"name\":\"\u00c9tico al D\u00eda. Tu canal \u00e9tico\",\"description\":\"\",\"publisher\":{\"@id\":\"https:\/\/eticoaldia.es\/#organization\"},\"potentialAction\":[{\"@type\":\"SearchAction\",\"target\":{\"@type\":\"EntryPoint\",\"urlTemplate\":\"https:\/\/eticoaldia.es\/?s={search_term_string}\"},\"query-input\":\"required name=search_term_string\"}],\"inLanguage\":\"en-US\"},{\"@type\":\"Organization\",\"@id\":\"https:\/\/eticoaldia.es\/#organization\",\"name\":\"\u00c9tico al D\u00eda. Tu canal \u00e9tico\",\"url\":\"https:\/\/eticoaldia.es\/\",\"logo\":{\"@type\":\"ImageObject\",\"inLanguage\":\"en-US\",\"@id\":\"https:\/\/eticoaldia.es\/#\/schema\/logo\/image\/\",\"url\":\"\",\"contentUrl\":\"\",\"caption\":\"\u00c9tico al D\u00eda. Tu canal \u00e9tico\"},\"image\":{\"@id\":\"https:\/\/eticoaldia.es\/#\/schema\/logo\/image\/\"}}]}<\/script>\n<!-- \/ Yoast SEO plugin. -->","yoast_head_json":{"title":"Canal de denuncias seguro y confidencial","description":"Utilice nuestro canal de denuncias seguro y confidencial para reportar cualquier irregularidad. Protegemos su identidad.","robots":{"index":"index","follow":"follow","max-snippet":"max-snippet:-1","max-image-preview":"max-image-preview:large","max-video-preview":"max-video-preview:-1"},"canonical":"https:\/\/eticoaldia.es\/","og_locale":"en_US","og_type":"article","og_title":"Canal de denuncias seguro y confidencial","og_description":"Utilice nuestro canal de denuncias seguro y confidencial para reportar cualquier irregularidad. Protegemos su identidad.","og_url":"https:\/\/eticoaldia.es\/","og_site_name":"\u00c9tico al D\u00eda. Tu canal \u00e9tico","article_modified_time":"2025-04-08T08:22:15+00:00","og_image":[{"url":"https:\/\/eticoaldia.es\/wp-content\/themes\/neve\/assets\/img\/starter-content\/hero.jpg"}],"twitter_card":"summary_large_image","twitter_misc":{"Est. reading time":"2 minutes"},"schema":{"@context":"https:\/\/schema.org","@graph":[{"@type":"WebPage","@id":"https:\/\/eticoaldia.es\/","url":"https:\/\/eticoaldia.es\/","name":"Canal de denuncias seguro y confidencial","isPartOf":{"@id":"https:\/\/eticoaldia.es\/#website"},"datePublished":"2023-04-07T06:32:54+00:00","dateModified":"2025-04-08T08:22:15+00:00","description":"Utilice nuestro canal de denuncias seguro y confidencial para reportar cualquier irregularidad. Protegemos su identidad.","breadcrumb":{"@id":"https:\/\/eticoaldia.es\/#breadcrumb"},"inLanguage":"en-US","potentialAction":[{"@type":"ReadAction","target":["https:\/\/eticoaldia.es\/"]}]},{"@type":"BreadcrumbList","@id":"https:\/\/eticoaldia.es\/#breadcrumb","itemListElement":[{"@type":"ListItem","position":1,"name":"Home","item":"https:\/\/eticoaldia.es\/"},{"@type":"ListItem","position":2,"name":"Home"}]},{"@type":"WebSite","@id":"https:\/\/eticoaldia.es\/#website","url":"https:\/\/eticoaldia.es\/","name":"\u00c9tico al D\u00eda. Tu canal \u00e9tico","description":"","publisher":{"@id":"https:\/\/eticoaldia.es\/#organization"},"potentialAction":[{"@type":"SearchAction","target":{"@type":"EntryPoint","urlTemplate":"https:\/\/eticoaldia.es\/?s={search_term_string}"},"query-input":"required name=search_term_string"}],"inLanguage":"en-US"},{"@type":"Organization","@id":"https:\/\/eticoaldia.es\/#organization","name":"\u00c9tico al D\u00eda. Tu canal \u00e9tico","url":"https:\/\/eticoaldia.es\/","logo":{"@type":"ImageObject","inLanguage":"en-US","@id":"https:\/\/eticoaldia.es\/#\/schema\/logo\/image\/","url":"","contentUrl":"","caption":"\u00c9tico al D\u00eda. Tu canal \u00e9tico"},"image":{"@id":"https:\/\/eticoaldia.es\/#\/schema\/logo\/image\/"}}]}},"rttpg_featured_image_url":null,"rttpg_author":{"display_name":"eticoaldia","author_link":"https:\/\/eticoaldia.es\/?author=2"},"rttpg_comment":0,"rttpg_category":null,"rttpg_excerpt":"Inteligencia Artificial A\u00f1adimos la Inteligencia Artificial para actualizar y gestionar las denuncias. Resuelve las dudas instante con esta nueva herramienta de ayuda dentro del canal de denuncias. Cumple la Normativa Ley 2\/2023 de 20 de febrero y la Directiva (UE) 2019\/1937 del Parlamento Europeo y del Consejo de 23 de octubre de 2019 impone la&hellip;&nbsp;Read&hellip;","_links":{"self":[{"href":"https:\/\/eticoaldia.es\/index.php?rest_route=\/wp\/v2\/pages\/7","targetHints":{"allow":["GET"]}}],"collection":[{"href":"https:\/\/eticoaldia.es\/index.php?rest_route=\/wp\/v2\/pages"}],"about":[{"href":"https:\/\/eticoaldia.es\/index.php?rest_route=\/wp\/v2\/types\/page"}],"author":[{"embeddable":true,"href":"https:\/\/eticoaldia.es\/index.php?rest_route=\/wp\/v2\/users\/2"}],"replies":[{"embeddable":true,"href":"https:\/\/eticoaldia.es\/index.php?rest_route=%2Fwp%2Fv2%2Fcomments&post=7"}],"version-history":[{"count":31,"href":"https:\/\/eticoaldia.es\/index.php?rest_route=\/wp\/v2\/pages\/7\/revisions"}],"predecessor-version":[{"id":677,"href":"https:\/\/eticoaldia.es\/index.php?rest_route=\/wp\/v2\/pages\/7\/revisions\/677"}],"wp:attachment":[{"href":"https:\/\/eticoaldia.es\/index.php?rest_route=%2Fwp%2Fv2%2Fmedia&parent=7"}],"curies":[{"name":"wp","href":"https:\/\/api.w.org\/{rel}","templated":true}]}}