{"id":29,"date":"2023-04-07T06:35:13","date_gmt":"2023-04-07T06:35:13","guid":{"rendered":"https:\/\/eticoaldia.es\/?page_id=29"},"modified":"2025-04-10T09:20:29","modified_gmt":"2025-04-10T09:20:29","slug":"clientes_canal_denuncias","status":"publish","type":"page","link":"https:\/\/eticoaldia.es\/?page_id=29","title":{"rendered":"Clientes"},"content":{"rendered":"\n<figure class=\"wp-block-image size-large\"><img loading=\"lazy\" decoding=\"async\" width=\"1024\" height=\"572\" src=\"https:\/\/eticoaldia.es\/wp-content\/uploads\/2025\/04\/Imagen1-1024x572.jpg\" alt=\"\" class=\"wp-image-740\"\/><\/figure>\n\n\n\n<p><\/p>\n","protected":false},"excerpt":{"rendered":"","protected":false},"author":2,"featured_media":0,"parent":0,"menu_order":0,"comment_status":"closed","ping_status":"closed","template":"","meta":{"neve_meta_sidebar":"","neve_meta_container":"","neve_meta_enable_content_width":"","neve_meta_content_width":0,"neve_meta_title_alignment":"","neve_meta_author_avatar":"","neve_post_elements_order":"","neve_meta_disable_header":"","neve_meta_disable_footer":"","neve_meta_disable_title":"","footnotes":""},"class_list":["post-29","page","type-page","status-publish","hentry"],"yoast_head":"<!-- This site is optimized with the Yoast SEO plugin v21.6 - https:\/\/yoast.com\/wordpress\/plugins\/seo\/ -->\n<title>Clientes Canal de denuncias para la integridad<\/title>\n<meta name=\"description\" content=\"Clientes Canal de denuncias: Reporte cualquier conducta inapropiada o sospechosa y trabajemos juntos para mantener la integridad.\" \/>\n<meta name=\"robots\" content=\"index, follow, max-snippet:-1, max-image-preview:large, max-video-preview:-1\" \/>\n<link rel=\"canonical\" href=\"https:\/\/eticoaldia.es\/?page_id=29\" \/>\n<meta property=\"og:locale\" content=\"en_US\" \/>\n<meta property=\"og:type\" content=\"article\" \/>\n<meta property=\"og:title\" content=\"Clientes Canal de denuncias para la integridad\" \/>\n<meta property=\"og:description\" content=\"Clientes Canal de denuncias: Reporte cualquier conducta inapropiada o sospechosa y trabajemos juntos para mantener la integridad.\" \/>\n<meta property=\"og:url\" content=\"https:\/\/eticoaldia.es\/?page_id=29\" \/>\n<meta property=\"og:site_name\" content=\"\u00c9tico al D\u00eda. Tu canal \u00e9tico\" \/>\n<meta property=\"article:modified_time\" content=\"2025-04-10T09:20:29+00:00\" \/>\n<meta property=\"og:image\" content=\"https:\/\/eticoaldia.es\/wp-content\/uploads\/2025\/04\/Imagen1-1024x572.jpg\" \/>\n<meta name=\"twitter:card\" content=\"summary_large_image\" \/>\n<meta name=\"twitter:label1\" content=\"Est. reading time\" \/>\n\t<meta name=\"twitter:data1\" content=\"1 minute\" \/>\n<script type=\"application\/ld+json\" class=\"yoast-schema-graph\">{\"@context\":\"https:\/\/schema.org\",\"@graph\":[{\"@type\":\"WebPage\",\"@id\":\"https:\/\/eticoaldia.es\/?page_id=29\",\"url\":\"https:\/\/eticoaldia.es\/?page_id=29\",\"name\":\"Clientes Canal de denuncias para la integridad\",\"isPartOf\":{\"@id\":\"https:\/\/eticoaldia.es\/#website\"},\"datePublished\":\"2023-04-07T06:35:13+00:00\",\"dateModified\":\"2025-04-10T09:20:29+00:00\",\"description\":\"Clientes Canal de denuncias: Reporte cualquier conducta inapropiada o sospechosa y trabajemos juntos para mantener la integridad.\",\"breadcrumb\":{\"@id\":\"https:\/\/eticoaldia.es\/?page_id=29#breadcrumb\"},\"inLanguage\":\"en-US\",\"potentialAction\":[{\"@type\":\"ReadAction\",\"target\":[\"https:\/\/eticoaldia.es\/?page_id=29\"]}]},{\"@type\":\"BreadcrumbList\",\"@id\":\"https:\/\/eticoaldia.es\/?page_id=29#breadcrumb\",\"itemListElement\":[{\"@type\":\"ListItem\",\"position\":1,\"name\":\"Home\",\"item\":\"https:\/\/eticoaldia.es\/\"},{\"@type\":\"ListItem\",\"position\":2,\"name\":\"Clientes\"}]},{\"@type\":\"WebSite\",\"@id\":\"https:\/\/eticoaldia.es\/#website\",\"url\":\"https:\/\/eticoaldia.es\/\",\"name\":\"\u00c9tico al D\u00eda. Tu canal \u00e9tico\",\"description\":\"\",\"publisher\":{\"@id\":\"https:\/\/eticoaldia.es\/#organization\"},\"potentialAction\":[{\"@type\":\"SearchAction\",\"target\":{\"@type\":\"EntryPoint\",\"urlTemplate\":\"https:\/\/eticoaldia.es\/?s={search_term_string}\"},\"query-input\":\"required name=search_term_string\"}],\"inLanguage\":\"en-US\"},{\"@type\":\"Organization\",\"@id\":\"https:\/\/eticoaldia.es\/#organization\",\"name\":\"\u00c9tico al D\u00eda. Tu canal \u00e9tico\",\"url\":\"https:\/\/eticoaldia.es\/\",\"logo\":{\"@type\":\"ImageObject\",\"inLanguage\":\"en-US\",\"@id\":\"https:\/\/eticoaldia.es\/#\/schema\/logo\/image\/\",\"url\":\"\",\"contentUrl\":\"\",\"caption\":\"\u00c9tico al D\u00eda. Tu canal \u00e9tico\"},\"image\":{\"@id\":\"https:\/\/eticoaldia.es\/#\/schema\/logo\/image\/\"}}]}<\/script>\n<!-- \/ Yoast SEO plugin. -->","yoast_head_json":{"title":"Clientes Canal de denuncias para la integridad","description":"Clientes Canal de denuncias: Reporte cualquier conducta inapropiada o sospechosa y trabajemos juntos para mantener la integridad.","robots":{"index":"index","follow":"follow","max-snippet":"max-snippet:-1","max-image-preview":"max-image-preview:large","max-video-preview":"max-video-preview:-1"},"canonical":"https:\/\/eticoaldia.es\/?page_id=29","og_locale":"en_US","og_type":"article","og_title":"Clientes Canal de denuncias para la integridad","og_description":"Clientes Canal de denuncias: Reporte cualquier conducta inapropiada o sospechosa y trabajemos juntos para mantener la integridad.","og_url":"https:\/\/eticoaldia.es\/?page_id=29","og_site_name":"\u00c9tico al D\u00eda. Tu canal \u00e9tico","article_modified_time":"2025-04-10T09:20:29+00:00","og_image":[{"url":"https:\/\/eticoaldia.es\/wp-content\/uploads\/2025\/04\/Imagen1-1024x572.jpg"}],"twitter_card":"summary_large_image","twitter_misc":{"Est. reading time":"1 minute"},"schema":{"@context":"https:\/\/schema.org","@graph":[{"@type":"WebPage","@id":"https:\/\/eticoaldia.es\/?page_id=29","url":"https:\/\/eticoaldia.es\/?page_id=29","name":"Clientes Canal de denuncias para la integridad","isPartOf":{"@id":"https:\/\/eticoaldia.es\/#website"},"datePublished":"2023-04-07T06:35:13+00:00","dateModified":"2025-04-10T09:20:29+00:00","description":"Clientes Canal de denuncias: Reporte cualquier conducta inapropiada o sospechosa y trabajemos juntos para mantener la integridad.","breadcrumb":{"@id":"https:\/\/eticoaldia.es\/?page_id=29#breadcrumb"},"inLanguage":"en-US","potentialAction":[{"@type":"ReadAction","target":["https:\/\/eticoaldia.es\/?page_id=29"]}]},{"@type":"BreadcrumbList","@id":"https:\/\/eticoaldia.es\/?page_id=29#breadcrumb","itemListElement":[{"@type":"ListItem","position":1,"name":"Home","item":"https:\/\/eticoaldia.es\/"},{"@type":"ListItem","position":2,"name":"Clientes"}]},{"@type":"WebSite","@id":"https:\/\/eticoaldia.es\/#website","url":"https:\/\/eticoaldia.es\/","name":"\u00c9tico al D\u00eda. Tu canal \u00e9tico","description":"","publisher":{"@id":"https:\/\/eticoaldia.es\/#organization"},"potentialAction":[{"@type":"SearchAction","target":{"@type":"EntryPoint","urlTemplate":"https:\/\/eticoaldia.es\/?s={search_term_string}"},"query-input":"required name=search_term_string"}],"inLanguage":"en-US"},{"@type":"Organization","@id":"https:\/\/eticoaldia.es\/#organization","name":"\u00c9tico al D\u00eda. Tu canal \u00e9tico","url":"https:\/\/eticoaldia.es\/","logo":{"@type":"ImageObject","inLanguage":"en-US","@id":"https:\/\/eticoaldia.es\/#\/schema\/logo\/image\/","url":"","contentUrl":"","caption":"\u00c9tico al D\u00eda. Tu canal \u00e9tico"},"image":{"@id":"https:\/\/eticoaldia.es\/#\/schema\/logo\/image\/"}}]}},"rttpg_featured_image_url":null,"rttpg_author":{"display_name":"eticoaldia","author_link":"https:\/\/eticoaldia.es\/?author=2"},"rttpg_comment":0,"rttpg_category":null,"rttpg_excerpt":null,"_links":{"self":[{"href":"https:\/\/eticoaldia.es\/index.php?rest_route=\/wp\/v2\/pages\/29","targetHints":{"allow":["GET"]}}],"collection":[{"href":"https:\/\/eticoaldia.es\/index.php?rest_route=\/wp\/v2\/pages"}],"about":[{"href":"https:\/\/eticoaldia.es\/index.php?rest_route=\/wp\/v2\/types\/page"}],"author":[{"embeddable":true,"href":"https:\/\/eticoaldia.es\/index.php?rest_route=\/wp\/v2\/users\/2"}],"replies":[{"embeddable":true,"href":"https:\/\/eticoaldia.es\/index.php?rest_route=%2Fwp%2Fv2%2Fcomments&post=29"}],"version-history":[{"count":16,"href":"https:\/\/eticoaldia.es\/index.php?rest_route=\/wp\/v2\/pages\/29\/revisions"}],"predecessor-version":[{"id":741,"href":"https:\/\/eticoaldia.es\/index.php?rest_route=\/wp\/v2\/pages\/29\/revisions\/741"}],"wp:attachment":[{"href":"https:\/\/eticoaldia.es\/index.php?rest_route=%2Fwp%2Fv2%2Fmedia&parent=29"}],"curies":[{"name":"wp","href":"https:\/\/api.w.org\/{rel}","templated":true}]}}