{"id":204,"date":"2023-04-07T19:16:48","date_gmt":"2023-04-07T19:16:48","guid":{"rendered":"https:\/\/eticoaldia.es\/?page_id=204"},"modified":"2023-04-07T19:20:17","modified_gmt":"2023-04-07T19:20:17","slug":"aviso-legal","status":"publish","type":"page","link":"https:\/\/eticoaldia.es\/?page_id=204","title":{"rendered":"Aviso Legal"},"content":{"rendered":"\n<p><strong><u>AVISO LEGAL<\/u><\/strong><\/p>\n\n\n\n<p>El hecho de acceder a este sitio web implica el conocimiento y aceptaci\u00f3n de los siguientes t\u00e9rminos y condiciones y atribuye la condici\u00f3n de usuario de la web y el acceso al mismo implica su aceptaci\u00f3n sin reservas. En caso de no aceptar las cl\u00e1usulas establecidas en el presente Aviso Legal, el usuario deber\u00e1 abstenerse de acceder y\/o utilizar los servicios y\/o contenidos puestos a su disposici\u00f3n en la p\u00e1gina, procediendo a abandonar la misma.<\/p>\n\n\n\n<p><strong>TITULARIDAD DEL SITIO WEB<\/strong><\/p>\n\n\n\n<p>COMPLIANCE CONSIGNO, S.L., en cumplimiento de lo establecido en el Art. 10 de la Ley 34\/2002, de 11 de julio, de Servicios de la Sociedad de la Informaci\u00f3n y Comercio Electr\u00f3nico (LSSI-CE), le informa de los datos identificativos relativos al sitio web&nbsp;<a href=\"http:\/\/www.eticoaldia.com\/\">www.eticoaldia.com<\/a>.<\/p>\n\n\n\n<p>DENOMINACI\u00d3N SOCIAL:&nbsp;COMPLIANCE CONSIGNO, S.L.<\/p>\n\n\n\n<p>DOMICILIO SOCIAL:&nbsp;C\/ Dels Transits n\u00ba 2, 46002 Valencia<\/p>\n\n\n\n<p>TEL\u00c9FONO:&nbsp;+(34) 609 87 23 82<\/p>\n\n\n\n<p>CIF:&nbsp;B40573636<\/p>\n\n\n\n<p>CORREO ELECTR\u00d3NICO GENERAL:&nbsp;<a href=\"mailto:consigno@consignocpl.es\">consigno@consignocpl.es<\/a><\/p>\n\n\n\n<p>DATOS DE INSCRIPCI\u00d3N EN EL REGISTRO MERCANTIL:&nbsp;Registro Mercantil de VALENCIA T 10656, L 7937, F 165, S 8, H V 187226.<\/p>\n\n\n\n<p><strong>CONDICIONES DE USO<\/strong><\/p>\n\n\n\n<p><strong><u>USUARIOS<\/u><\/strong><\/p>\n\n\n\n<p>El acceso y\/o uso de este portal de COMPLIANCE CONSIGNO, S.L. atribuye la condici\u00f3n de USUARIO, que acepta, desde dicho acceso y\/o uso, las Condiciones Generales de Uso aqu\u00ed reflejadas. Las citadas Condiciones ser\u00e1n de aplicaci\u00f3n independientemente de las Condiciones Generales de Contrataci\u00f3n que en su caso resulten de obligado cumplimiento.<\/p>\n\n\n\n<p><strong><u>USO DE LA WEB<\/u><\/strong><\/p>\n\n\n\n<p><a href=\"http:\/\/www.eticoaldia.com\/\">www.eticoaldia.com<\/a>&nbsp;proporciona el acceso a multitud de informaciones, servicios o datos (en adelante, \u201clos contenidos\u201d) en Internet pertenecientes a COMPLIANCE CONSIGNO, S.L. a los que el USUARIO pueda tener acceso. El USUARIO asume la responsabilidad del uso del portal. Dicha responsabilidad se extiende al registro que fuese necesario cumplimentar para acceder a determinados servicios o contenidos.<\/p>\n\n\n\n<p>En dicho registro el USUARIO ser\u00e1 responsable de aportar informaci\u00f3n veraz y l\u00edcita. Como consecuencia de este registro, al USUARIO se le puede proporcionar una contrase\u00f1a de la que ser\u00e1 responsable, comprometi\u00e9ndose a hacer un uso diligente y confidencial de la misma. El USUARIO se compromete a hacer un uso adecuado de los contenidos y servicios (como por ejemplo servicios de chat, foros de discusi\u00f3n o grupos de noticias) que COMPLIANCE CONSIGNO, S.L. ofrece a trav\u00e9s de su portal y con car\u00e1cter enunciativo pero no limitativo, a no emplearlos para (I) incurrir en actividades il\u00edcitas, ilegales o contrarias a la buena fe y al orden p\u00fablico; (II) difundir contenidos o propaganda de car\u00e1cter racista, xen\u00f3fobo, pornogr\u00e1fico-ilegal, de apolog\u00eda del terrorismo o atentatorio contra los derechos humanos; (III) provocar da\u00f1os en los sistemas f\u00edsicos y l\u00f3gicos de COMPLIANCE CONSIGNO, S.L., de sus proveedores o de terceras personas, introducir o difundir en la red virus inform\u00e1ticos o cualesquiera otros sistemas f\u00edsicos o l\u00f3gicos que sean susceptibles de provocar los da\u00f1os anteriormente mencionados; (IV) intentar acceder y, en su caso, utilizar las cuentas de correo electr\u00f3nico de otros usuarios y modificarlo o manipular sus mensajes. COMPLIANCE CONSIGNO, S.L. se reserva el derecho de retirar todos aquellos comentarios y aportaciones que vulneren el respeto a la dignidad de la persona, que sean discriminatorios, xen\u00f3fobos, racistas, pornogr\u00e1ficos, que atenten contra la juventud o la infancia, el orden o la seguridad p\u00fablica o que, a su juicio, no resultaran adecuados para su publicaci\u00f3n. En cualquier caso, COMPLIANCE CONSIGNO, S.L. no ser\u00e1 responsable de las opiniones vertidas por los usuarios a trav\u00e9s de los foros, chats, u otras herramientas de participaci\u00f3n.<\/p>\n\n\n\n<p><strong><u>PROPIEDAD INTELECTUAL E INDUSTRIAL<\/u><\/strong><\/p>\n\n\n\n<p>COMPLIANCE CONSIGNO, S.L. por s\u00ed o como cesionaria, es titular de todos los derechos de propiedad intelectual e industrial de su p\u00e1gina web, as\u00ed como de los elementos contenidos en la misma (a t\u00edtulo enunciativo, im\u00e1genes, sonido, audio, v\u00eddeo, software o textos; marcas o logotipos, combinaciones de colores, estructura y dise\u00f1o, selecci\u00f3n de materiales usados, programas de ordenador necesarios para su funcionamiento, acceso y uso, etc.), titularidad de COMPLIANCE CONSIGNO, S.L. o bien de sus licenciantes.<\/p>\n\n\n\n<p><strong>Todos los derechos reservados:<\/strong>&nbsp;En virtud de lo dispuesto en los art\u00edculos 8 y 32.1, p\u00e1rrafo segundo, de la Ley de Propiedad Intelectual, quedan expresamente prohibidas la reproducci\u00f3n, la distribuci\u00f3n y la comunicaci\u00f3n p\u00fablica, incluida su modalidad de puesta a disposici\u00f3n, de la totalidad o parte de los contenidos de esta p\u00e1gina web, con fines comerciales, en cualquier soporte y por cualquier medio t\u00e9cnico, sin la autorizaci\u00f3n de COMPLIANCE CONSIGNO, S.L. El USUARIO se compromete a respetar los derechos de Propiedad Intelectual e Industrial titularidad de COMPLIANCE CONSIGNO, S.L. Podr\u00e1 visualizar los elementos del portal e incluso imprimirlos, copiarlos y almacenarlos en el disco duro de su ordenador o en cualquier otro soporte f\u00edsico siempre y cuando sea, \u00fanica y exclusivamente, para su uso personal y privado. El USUARIO deber\u00e1 abstenerse de suprimir, alterar, eludir o manipular cualquier dispositivo de protecci\u00f3n o sistema de seguridad que estuviera instalado en las p\u00e1ginas de COMPLIANCE CONSIGNO, S.L.<\/p>\n\n\n\n<p><strong><u>EXCLUSI\u00d3N DE GARANT\u00cdAS Y RESPONSABILIDAD<\/u><\/strong><\/p>\n\n\n\n<p>COMPLIANCE CONSIGNO, S.L. no se hace responsable, en ning\u00fan caso, de los da\u00f1os y perjuicios de cualquier naturaleza que pudiera ocasionar, a t\u00edtulo enunciativo: errores u omisiones en los contenidos, falta de disponibilidad del portal o la transmisi\u00f3n de virus o programas maliciosos o lesivos en los contenidos, a pesar de haber adoptado todas las medidas tecnol\u00f3gicas necesarias para evitarlo.<\/p>\n\n\n\n<p><strong><u>MODIFICACIONES<\/u><\/strong><\/p>\n\n\n\n<p>COMPLIANCE CONSIGNO, S.L. se reserva el derecho de efectuar sin previo aviso las modificaciones que considere oportunas en su portal, pudiendo cambiar, suprimir o a\u00f1adir tanto los contenidos y servicios que se presten a trav\u00e9s de la misma como la forma en la que \u00e9stos aparezcan presentados o localizados en su portal.<\/p>\n\n\n\n<p><strong><u>ENLACES<\/u><\/strong><\/p>\n\n\n\n<p>En el caso de que en&nbsp;<a href=\"http:\/\/www.eticoaldia.com\/\">www.eticoaldia.com<\/a>&nbsp;se dispusiesen enlaces o hiperv\u00ednculos hac\u00eda otros sitios de Internet, COMPLIANCE CONSIGNO, S.L. no ejercer\u00e1 ning\u00fan tipo de control sobre dichos sitios y contenidos. En ning\u00fan caso COMPLIANCE CONSIGNO, S.L. asumir\u00e1 responsabilidad alguna por los contenidos de alg\u00fan enlace perteneciente a un sitio web ajeno, ni garantizar\u00e1 la disponibilidad t\u00e9cnica, calidad, fiabilidad, exactitud, amplitud, veracidad, validez y constitucionalidad de cualquier material o informaci\u00f3n contenida en ninguno de dichos hiperv\u00ednculos u otros sitios de Internet.<\/p>\n\n\n\n<p>Igualmente, la inclusi\u00f3n de estas conexiones externas no implicar\u00e1 ning\u00fan tipo de asociaci\u00f3n, fusi\u00f3n o participaci\u00f3n con las entidades conectadas.<\/p>\n\n\n\n<p><strong><u>DERECHO DE EXCLUSI\u00d3N<\/u><\/strong><\/p>\n\n\n\n<p>COMPLIANCE CONSIGNO, S.L. se reserva el derecho a denegar o retirar el acceso a portal y\/o los servicios ofrecidos sin necesidad de preaviso, a instancia propia o de un tercero, a aquellos usuarios que incumplan las presentes Condiciones Generales de Uso.<\/p>\n\n\n\n<p><strong><u>GENERALIDADES<\/u><\/strong><\/p>\n\n\n\n<p>COMPLIANCE CONSIGNO, S.L. perseguir\u00e1 el incumplimiento de las presentes condiciones, as\u00ed como cualquier utilizaci\u00f3n indebida de su portal ejerciendo todas las acciones civiles y penales que le puedan corresponder en derecho.<\/p>\n\n\n\n<p><strong><u>MODIFICACI\u00d3N DE LAS PRESENTES CONDICIONES Y DURACI\u00d3N<\/u><\/strong><\/p>\n\n\n\n<p>COMPLIANCE CONSIGNO, S.L. podr\u00e1 modificar en cualquier momento las condiciones aqu\u00ed determinadas, siendo debidamente publicadas como aqu\u00ed aparecen.<\/p>\n\n\n\n<p>La vigencia de las citadas condiciones ir\u00e1 en funci\u00f3n de su exposici\u00f3n y estar\u00e1n vigentes hasta que sean modificadas por otras debidamente publicadas.<\/p>\n\n\n\n<p><strong><u>LEGISLACI\u00d3N APLICABLE Y JURISDICCI\u00d3N<\/u><\/strong><\/p>\n\n\n\n<p>Los t\u00e9rminos y condiciones que rigen este web site, as\u00ed como las relaciones que pudieran derivarse est\u00e1n protegidas y quedan sujetas a la legislaci\u00f3n espa\u00f1ola. Para la resoluci\u00f3n de cualquier tipo de controversia, litigio o discrepancia que pudiera suscitarse entre el USUARIO y&nbsp;COMPLIANCE CONSIGNO, S.L.&nbsp;por el uso de este sitio web, se acuerda el sometimiento de las mismas a los Juzgados y Tribunales de Valencia, Espa\u00f1a.<\/p>\n\n\n\n<p><em>\u00daltima Actualizaci\u00f3n: 29 de Septiembre de 2021<\/em><\/p>\n\n\n\n<p><\/p>\n","protected":false},"excerpt":{"rendered":"<p>AVISO LEGAL El hecho de acceder a este sitio web implica el conocimiento y aceptaci\u00f3n de los siguientes t\u00e9rminos y condiciones y atribuye la condici\u00f3n de usuario de la web y el acceso al mismo implica su aceptaci\u00f3n sin reservas. En caso de no aceptar las cl\u00e1usulas establecidas en el presente Aviso Legal, el usuario&hellip;&nbsp;<a href=\"https:\/\/eticoaldia.es\/?page_id=204\" class=\"\" rel=\"bookmark\">Read More &raquo;<span class=\"screen-reader-text\">Aviso Legal<\/span><\/a><\/p>\n","protected":false},"author":2,"featured_media":0,"parent":0,"menu_order":0,"comment_status":"closed","ping_status":"open","template":"","meta":{"neve_meta_sidebar":"","neve_meta_container":"","neve_meta_enable_content_width":"","neve_meta_content_width":0,"neve_meta_title_alignment":"","neve_meta_author_avatar":"","neve_post_elements_order":"","neve_meta_disable_header":"","neve_meta_disable_footer":"","neve_meta_disable_title":"","footnotes":""},"class_list":["post-204","page","type-page","status-publish","hentry"],"yoast_head":"<!-- This site is optimized with the Yoast SEO plugin v21.6 - https:\/\/yoast.com\/wordpress\/plugins\/seo\/ -->\n<title>Aviso Legal - \u00c9tico al D\u00eda. Tu canal \u00e9tico<\/title>\n<meta name=\"robots\" content=\"index, follow, max-snippet:-1, max-image-preview:large, max-video-preview:-1\" \/>\n<link rel=\"canonical\" href=\"https:\/\/eticoaldia.es\/?page_id=204\" \/>\n<meta property=\"og:locale\" content=\"en_US\" \/>\n<meta property=\"og:type\" content=\"article\" \/>\n<meta property=\"og:title\" content=\"Aviso Legal - \u00c9tico al D\u00eda. Tu canal \u00e9tico\" \/>\n<meta property=\"og:description\" content=\"AVISO LEGAL El hecho de acceder a este sitio web implica el conocimiento y aceptaci\u00f3n de los siguientes t\u00e9rminos y condiciones y atribuye la condici\u00f3n de usuario de la web y el acceso al mismo implica su aceptaci\u00f3n sin reservas. En caso de no aceptar las cl\u00e1usulas establecidas en el presente Aviso Legal, el usuario&hellip;&nbsp;Read More &raquo;Aviso Legal\" \/>\n<meta property=\"og:url\" content=\"https:\/\/eticoaldia.es\/?page_id=204\" \/>\n<meta property=\"og:site_name\" content=\"\u00c9tico al D\u00eda. Tu canal \u00e9tico\" \/>\n<meta property=\"article:modified_time\" content=\"2023-04-07T19:20:17+00:00\" \/>\n<meta name=\"twitter:card\" content=\"summary_large_image\" \/>\n<meta name=\"twitter:label1\" content=\"Est. reading time\" \/>\n\t<meta name=\"twitter:data1\" content=\"6 minutes\" \/>\n<script type=\"application\/ld+json\" class=\"yoast-schema-graph\">{\"@context\":\"https:\/\/schema.org\",\"@graph\":[{\"@type\":\"WebPage\",\"@id\":\"https:\/\/eticoaldia.es\/?page_id=204\",\"url\":\"https:\/\/eticoaldia.es\/?page_id=204\",\"name\":\"Aviso Legal - \u00c9tico al D\u00eda. Tu canal \u00e9tico\",\"isPartOf\":{\"@id\":\"https:\/\/eticoaldia.es\/#website\"},\"datePublished\":\"2023-04-07T19:16:48+00:00\",\"dateModified\":\"2023-04-07T19:20:17+00:00\",\"breadcrumb\":{\"@id\":\"https:\/\/eticoaldia.es\/?page_id=204#breadcrumb\"},\"inLanguage\":\"en-US\",\"potentialAction\":[{\"@type\":\"ReadAction\",\"target\":[\"https:\/\/eticoaldia.es\/?page_id=204\"]}]},{\"@type\":\"BreadcrumbList\",\"@id\":\"https:\/\/eticoaldia.es\/?page_id=204#breadcrumb\",\"itemListElement\":[{\"@type\":\"ListItem\",\"position\":1,\"name\":\"Home\",\"item\":\"https:\/\/eticoaldia.es\/\"},{\"@type\":\"ListItem\",\"position\":2,\"name\":\"Aviso Legal\"}]},{\"@type\":\"WebSite\",\"@id\":\"https:\/\/eticoaldia.es\/#website\",\"url\":\"https:\/\/eticoaldia.es\/\",\"name\":\"\u00c9tico al D\u00eda. Tu canal \u00e9tico\",\"description\":\"\",\"publisher\":{\"@id\":\"https:\/\/eticoaldia.es\/#organization\"},\"potentialAction\":[{\"@type\":\"SearchAction\",\"target\":{\"@type\":\"EntryPoint\",\"urlTemplate\":\"https:\/\/eticoaldia.es\/?s={search_term_string}\"},\"query-input\":\"required name=search_term_string\"}],\"inLanguage\":\"en-US\"},{\"@type\":\"Organization\",\"@id\":\"https:\/\/eticoaldia.es\/#organization\",\"name\":\"\u00c9tico al D\u00eda. Tu canal \u00e9tico\",\"url\":\"https:\/\/eticoaldia.es\/\",\"logo\":{\"@type\":\"ImageObject\",\"inLanguage\":\"en-US\",\"@id\":\"https:\/\/eticoaldia.es\/#\/schema\/logo\/image\/\",\"url\":\"\",\"contentUrl\":\"\",\"caption\":\"\u00c9tico al D\u00eda. Tu canal \u00e9tico\"},\"image\":{\"@id\":\"https:\/\/eticoaldia.es\/#\/schema\/logo\/image\/\"}}]}<\/script>\n<!-- \/ Yoast SEO plugin. -->","yoast_head_json":{"title":"Aviso Legal - \u00c9tico al D\u00eda. Tu canal \u00e9tico","robots":{"index":"index","follow":"follow","max-snippet":"max-snippet:-1","max-image-preview":"max-image-preview:large","max-video-preview":"max-video-preview:-1"},"canonical":"https:\/\/eticoaldia.es\/?page_id=204","og_locale":"en_US","og_type":"article","og_title":"Aviso Legal - \u00c9tico al D\u00eda. Tu canal \u00e9tico","og_description":"AVISO LEGAL El hecho de acceder a este sitio web implica el conocimiento y aceptaci\u00f3n de los siguientes t\u00e9rminos y condiciones y atribuye la condici\u00f3n de usuario de la web y el acceso al mismo implica su aceptaci\u00f3n sin reservas. En caso de no aceptar las cl\u00e1usulas establecidas en el presente Aviso Legal, el usuario&hellip;&nbsp;Read More &raquo;Aviso Legal","og_url":"https:\/\/eticoaldia.es\/?page_id=204","og_site_name":"\u00c9tico al D\u00eda. Tu canal \u00e9tico","article_modified_time":"2023-04-07T19:20:17+00:00","twitter_card":"summary_large_image","twitter_misc":{"Est. reading time":"6 minutes"},"schema":{"@context":"https:\/\/schema.org","@graph":[{"@type":"WebPage","@id":"https:\/\/eticoaldia.es\/?page_id=204","url":"https:\/\/eticoaldia.es\/?page_id=204","name":"Aviso Legal - \u00c9tico al D\u00eda. Tu canal \u00e9tico","isPartOf":{"@id":"https:\/\/eticoaldia.es\/#website"},"datePublished":"2023-04-07T19:16:48+00:00","dateModified":"2023-04-07T19:20:17+00:00","breadcrumb":{"@id":"https:\/\/eticoaldia.es\/?page_id=204#breadcrumb"},"inLanguage":"en-US","potentialAction":[{"@type":"ReadAction","target":["https:\/\/eticoaldia.es\/?page_id=204"]}]},{"@type":"BreadcrumbList","@id":"https:\/\/eticoaldia.es\/?page_id=204#breadcrumb","itemListElement":[{"@type":"ListItem","position":1,"name":"Home","item":"https:\/\/eticoaldia.es\/"},{"@type":"ListItem","position":2,"name":"Aviso Legal"}]},{"@type":"WebSite","@id":"https:\/\/eticoaldia.es\/#website","url":"https:\/\/eticoaldia.es\/","name":"\u00c9tico al D\u00eda. Tu canal \u00e9tico","description":"","publisher":{"@id":"https:\/\/eticoaldia.es\/#organization"},"potentialAction":[{"@type":"SearchAction","target":{"@type":"EntryPoint","urlTemplate":"https:\/\/eticoaldia.es\/?s={search_term_string}"},"query-input":"required name=search_term_string"}],"inLanguage":"en-US"},{"@type":"Organization","@id":"https:\/\/eticoaldia.es\/#organization","name":"\u00c9tico al D\u00eda. Tu canal \u00e9tico","url":"https:\/\/eticoaldia.es\/","logo":{"@type":"ImageObject","inLanguage":"en-US","@id":"https:\/\/eticoaldia.es\/#\/schema\/logo\/image\/","url":"","contentUrl":"","caption":"\u00c9tico al D\u00eda. Tu canal \u00e9tico"},"image":{"@id":"https:\/\/eticoaldia.es\/#\/schema\/logo\/image\/"}}]}},"rttpg_featured_image_url":null,"rttpg_author":{"display_name":"eticoaldia","author_link":"https:\/\/eticoaldia.es\/?author=2"},"rttpg_comment":0,"rttpg_category":null,"rttpg_excerpt":"AVISO LEGAL El hecho de acceder a este sitio web implica el conocimiento y aceptaci\u00f3n de los siguientes t\u00e9rminos y condiciones y atribuye la condici\u00f3n de usuario de la web y el acceso al mismo implica su aceptaci\u00f3n sin reservas. En caso de no aceptar las cl\u00e1usulas establecidas en el presente Aviso Legal, el usuario&hellip;&nbsp;Read&hellip;","_links":{"self":[{"href":"https:\/\/eticoaldia.es\/index.php?rest_route=\/wp\/v2\/pages\/204","targetHints":{"allow":["GET"]}}],"collection":[{"href":"https:\/\/eticoaldia.es\/index.php?rest_route=\/wp\/v2\/pages"}],"about":[{"href":"https:\/\/eticoaldia.es\/index.php?rest_route=\/wp\/v2\/types\/page"}],"author":[{"embeddable":true,"href":"https:\/\/eticoaldia.es\/index.php?rest_route=\/wp\/v2\/users\/2"}],"replies":[{"embeddable":true,"href":"https:\/\/eticoaldia.es\/index.php?rest_route=%2Fwp%2Fv2%2Fcomments&post=204"}],"version-history":[{"count":2,"href":"https:\/\/eticoaldia.es\/index.php?rest_route=\/wp\/v2\/pages\/204\/revisions"}],"predecessor-version":[{"id":210,"href":"https:\/\/eticoaldia.es\/index.php?rest_route=\/wp\/v2\/pages\/204\/revisions\/210"}],"wp:attachment":[{"href":"https:\/\/eticoaldia.es\/index.php?rest_route=%2Fwp%2Fv2%2Fmedia&parent=204"}],"curies":[{"name":"wp","href":"https:\/\/api.w.org\/{rel}","templated":true}]}}