{"id":188,"date":"2023-04-07T18:13:54","date_gmt":"2023-04-07T18:13:54","guid":{"rendered":"https:\/\/eticoaldia.es\/?page_id=188"},"modified":"2025-04-14T05:48:38","modified_gmt":"2025-04-14T05:48:38","slug":"noticias-canal-denuncias","status":"publish","type":"page","link":"https:\/\/eticoaldia.es\/?page_id=188","title":{"rendered":"Blog"},"content":{"rendered":"<style type='text\/css' media='all'>#rt-tpg-container-2460391379 .rt-holder .rt-woo-info .price{color:#0367bf;}body .rt-tpg-container .rt-tpg-isotope-buttons .selected,\n\t\t\t\t\t#rt-tpg-container-2460391379 .layout12 .rt-holder:hover .rt-detail,\n\t\t\t\t\t#rt-tpg-container-2460391379 .isotope8 .rt-holder:hover .rt-detail,\n\t\t\t\t\t#rt-tpg-container-2460391379 .carousel8 .rt-holder:hover .rt-detail,\n\t\t\t\t\t#rt-tpg-container-2460391379 .layout13 .rt-holder .overlay .post-info,\n\t\t\t\t\t#rt-tpg-container-2460391379 .isotope9 .rt-holder .overlay .post-info,\n\t\t\t\t\t#rt-tpg-container-2460391379.rt-tpg-container .layout4 .rt-holder .rt-detail,\n\t\t\t\t\t.rt-modal-2460391379 .md-content,\n\t\t\t\t\t.rt-modal-2460391379 .md-content > .rt-md-content-holder .rt-md-content,\n\t\t\t\t\t.rt-popup-wrap-2460391379.rt-popup-wrap .rt-popup-navigation-wrap,\n\t\t\t\t\t#rt-tpg-container-2460391379 .carousel9 .rt-holder .overlay .post-info{background-color:#0367bf;}#rt-tpg-container-2460391379 .layout5 .rt-holder .overlay, #rt-tpg-container-2460391379 .isotope2 .rt-holder .overlay, #rt-tpg-container-2460391379 .carousel2 .rt-holder .overlay,#rt-tpg-container-2460391379 .layout15 .rt-holder h3, #rt-tpg-container-2460391379 .isotope11 .rt-holder h3, #rt-tpg-container-2460391379 .carousel11 .rt-holder h3, #rt-tpg-container-2460391379 .layout16 .rt-holder h3,\n\t\t\t\t\t#rt-tpg-container-2460391379 .isotope12 .rt-holder h3, #rt-tpg-container-2460391379 .carousel12 .rt-holder h3 {background-color:rgba(3,103,191,0.8);}#rt-tpg-container-2460391379 .read-more a{border-radius:px;}#rt-tpg-container-2460391379 .rt-img-holder img.rt-img-responsive,#rt-tpg-container-2460391379 .rt-img-holder,\n\t\t\t\t\t#rt-tpg-container-2460391379 .rt-post-overlay .post-img,\n\t\t\t\t\t#rt-tpg-container-2460391379 .post-sm .post-img,\n\t\t\t\t\t#rt-tpg-container-2460391379 .rt-post-grid .post-img,\n\t\t\t\t\t#rt-tpg-container-2460391379 .post-img img {border-radius:px;}<\/style><div class='rt-container-fluid rt-tpg-container tpg-shortcode-main-wrapper ' id='rt-tpg-container-2460391379'   data-layout='layout1' data-grid-style='even' data-desktop-col='3'  data-tab-col='2'  data-mobile-col='1' data-sc-id='743'><div data-title='Loading ...' class='rt-row rt-content-loader   layout1 tpg-even '><div class=\"rt-col-md-4 rt-col-sm-6 rt-col-xs-12 even-grid-item rt-grid-item img_zoom_in\" data-id=\"337\"><div class=\"rt-holder\"><div class=\"rt-img-holder\"><a data-id=\"337\" class=\"\" href=\"https:\/\/eticoaldia.es\/?p=337\"><img loading=\"lazy\" decoding=\"async\" width=\"449\" height=\"255\" src=\"https:\/\/eticoaldia.es\/wp-content\/uploads\/2025\/03\/Captura-de-pantalla-2025-03-24-120127-1.png\" class=\"rt-img-responsive \" alt=\"\" \/><\/a><\/div><div class='rt-detail'><h3 class=\"entry-title\"><a data-id=\"337\" class=\"\" href=\"https:\/\/eticoaldia.es\/?p=337\">M\u00c1S ALL\u00c1 DE LA OBLIGACI\u00d3N LEGAL<\/a><\/h3><div class='post-meta-user  '><span class='author'><i class='fa fa-user '><\/i><a href=\"https:\/\/eticoaldia.es\/?author=2\">eticoaldia<\/a><\/span><span class='date'><i class='far fa-calendar-alt '><\/i>April 16, 2024<\/span><\/div><div class='tpg-excerpt'>La implantaci\u00f3n de un Canal de Denuncias o Canal \u00c9tico no solo es una obligaci\u00f3n...<\/div><div class='post-meta '><span class='read-more'><a data-id='337' class='' href='https:\/\/eticoaldia.es\/?p=337'>Leer M\u00e1s<\/a><\/span><\/div><\/div><\/div><\/div><div class=\"rt-col-md-4 rt-col-sm-6 rt-col-xs-12 even-grid-item rt-grid-item img_zoom_in\" data-id=\"335\"><div class=\"rt-holder\"><div class=\"rt-img-holder\"><a data-id=\"335\" class=\"\" href=\"https:\/\/eticoaldia.es\/?p=335\"><img loading=\"lazy\" decoding=\"async\" width=\"449\" height=\"255\" src=\"https:\/\/eticoaldia.es\/wp-content\/uploads\/2025\/03\/Captura-de-pantalla-2025-03-24-120127-1.png\" class=\"rt-img-responsive \" alt=\"\" \/><\/a><\/div><div class='rt-detail'><h3 class=\"entry-title\"><a data-id=\"335\" class=\"\" href=\"https:\/\/eticoaldia.es\/?p=335\">LOS CANALES DE DENUNCIAS Y LA LEY WHISTLEBLOWING:<\/a><\/h3><div class='post-meta-user  '><span class='author'><i class='fa fa-user '><\/i><a href=\"https:\/\/eticoaldia.es\/?author=2\">eticoaldia<\/a><\/span><span class='date'><i class='far fa-calendar-alt '><\/i>February 13, 2024<\/span><\/div><div class='tpg-excerpt'>\u00bfC\u00f3mo pueden las empresas cumplir con la nueva normativa? En Espa\u00f1a, las empresas con m\u00e1s...<\/div><div class='post-meta '><span class='read-more'><a data-id='335' class='' href='https:\/\/eticoaldia.es\/?p=335'>Leer M\u00e1s<\/a><\/span><\/div><\/div><\/div><\/div><div class=\"rt-col-md-4 rt-col-sm-6 rt-col-xs-12 even-grid-item rt-grid-item img_zoom_in\" data-id=\"333\"><div class=\"rt-holder\"><div class=\"rt-img-holder\"><a data-id=\"333\" class=\"\" href=\"https:\/\/eticoaldia.es\/?p=333\"><img loading=\"lazy\" decoding=\"async\" width=\"449\" height=\"255\" src=\"https:\/\/eticoaldia.es\/wp-content\/uploads\/2025\/03\/Captura-de-pantalla-2025-03-24-120127-1.png\" class=\"rt-img-responsive \" alt=\"\" \/><\/a><\/div><div class='rt-detail'><h3 class=\"entry-title\"><a data-id=\"333\" class=\"\" href=\"https:\/\/eticoaldia.es\/?p=333\">CANAL DE DENUNCIAS<\/a><\/h3><div class='post-meta-user  '><span class='author'><i class='fa fa-user '><\/i><a href=\"https:\/\/eticoaldia.es\/?author=2\">eticoaldia<\/a><\/span><span class='date'><i class='far fa-calendar-alt '><\/i>January 16, 2024<\/span><\/div><div class='tpg-excerpt'>\u00bfQu\u00e9 es un Canal de denuncias? La regulaci\u00f3n viene fijada en la Directiva UE 2019\/1937...<\/div><div class='post-meta '><span class='read-more'><a data-id='333' class='' href='https:\/\/eticoaldia.es\/?p=333'>Leer M\u00e1s<\/a><\/span><\/div><\/div><\/div><\/div><\/div><\/div>\n\n\n\n<p><\/p>\n","protected":false},"excerpt":{"rendered":"","protected":false},"author":2,"featured_media":0,"parent":0,"menu_order":0,"comment_status":"closed","ping_status":"closed","template":"","meta":{"neve_meta_sidebar":"","neve_meta_container":"","neve_meta_enable_content_width":"","neve_meta_content_width":0,"neve_meta_title_alignment":"","neve_meta_author_avatar":"","neve_post_elements_order":"","neve_meta_disable_header":"","neve_meta_disable_footer":"","neve_meta_disable_title":"","footnotes":""},"class_list":["post-188","page","type-page","status-publish","hentry"],"yoast_head":"<!-- This site is optimized with the Yoast SEO plugin v21.6 - https:\/\/yoast.com\/wordpress\/plugins\/seo\/ -->\n<title>Noticias Canal de denuncias para el cumplimiento normativo<\/title>\n<meta name=\"description\" content=\"Noticias Ay\u00fadenos a cumplir con las normativas utilizando nuestro canal de denuncias para reportar cualquier violaci\u00f3n.\" \/>\n<meta name=\"robots\" content=\"index, follow, max-snippet:-1, max-image-preview:large, max-video-preview:-1\" \/>\n<link rel=\"canonical\" href=\"https:\/\/eticoaldia.es\/?page_id=188\" \/>\n<meta property=\"og:locale\" content=\"en_US\" \/>\n<meta property=\"og:type\" content=\"article\" \/>\n<meta property=\"og:title\" content=\"Noticias Canal de denuncias para el cumplimiento normativo\" \/>\n<meta property=\"og:description\" content=\"Noticias Ay\u00fadenos a cumplir con las normativas utilizando nuestro canal de denuncias para reportar cualquier violaci\u00f3n.\" \/>\n<meta property=\"og:url\" content=\"https:\/\/eticoaldia.es\/?page_id=188\" \/>\n<meta property=\"og:site_name\" content=\"\u00c9tico al D\u00eda. Tu canal \u00e9tico\" \/>\n<meta property=\"article:modified_time\" content=\"2025-04-14T05:48:38+00:00\" \/>\n<meta name=\"twitter:card\" content=\"summary_large_image\" \/>\n<script type=\"application\/ld+json\" class=\"yoast-schema-graph\">{\"@context\":\"https:\/\/schema.org\",\"@graph\":[{\"@type\":\"WebPage\",\"@id\":\"https:\/\/eticoaldia.es\/?page_id=188\",\"url\":\"https:\/\/eticoaldia.es\/?page_id=188\",\"name\":\"Noticias Canal de denuncias para el cumplimiento normativo\",\"isPartOf\":{\"@id\":\"https:\/\/eticoaldia.es\/#website\"},\"datePublished\":\"2023-04-07T18:13:54+00:00\",\"dateModified\":\"2025-04-14T05:48:38+00:00\",\"description\":\"Noticias Ay\u00fadenos a cumplir con las normativas utilizando nuestro canal de denuncias para reportar cualquier violaci\u00f3n.\",\"breadcrumb\":{\"@id\":\"https:\/\/eticoaldia.es\/?page_id=188#breadcrumb\"},\"inLanguage\":\"en-US\",\"potentialAction\":[{\"@type\":\"ReadAction\",\"target\":[\"https:\/\/eticoaldia.es\/?page_id=188\"]}]},{\"@type\":\"BreadcrumbList\",\"@id\":\"https:\/\/eticoaldia.es\/?page_id=188#breadcrumb\",\"itemListElement\":[{\"@type\":\"ListItem\",\"position\":1,\"name\":\"Home\",\"item\":\"https:\/\/eticoaldia.es\/\"},{\"@type\":\"ListItem\",\"position\":2,\"name\":\"Blog\"}]},{\"@type\":\"WebSite\",\"@id\":\"https:\/\/eticoaldia.es\/#website\",\"url\":\"https:\/\/eticoaldia.es\/\",\"name\":\"\u00c9tico al D\u00eda. Tu canal \u00e9tico\",\"description\":\"\",\"publisher\":{\"@id\":\"https:\/\/eticoaldia.es\/#organization\"},\"potentialAction\":[{\"@type\":\"SearchAction\",\"target\":{\"@type\":\"EntryPoint\",\"urlTemplate\":\"https:\/\/eticoaldia.es\/?s={search_term_string}\"},\"query-input\":\"required name=search_term_string\"}],\"inLanguage\":\"en-US\"},{\"@type\":\"Organization\",\"@id\":\"https:\/\/eticoaldia.es\/#organization\",\"name\":\"\u00c9tico al D\u00eda. Tu canal \u00e9tico\",\"url\":\"https:\/\/eticoaldia.es\/\",\"logo\":{\"@type\":\"ImageObject\",\"inLanguage\":\"en-US\",\"@id\":\"https:\/\/eticoaldia.es\/#\/schema\/logo\/image\/\",\"url\":\"\",\"contentUrl\":\"\",\"caption\":\"\u00c9tico al D\u00eda. Tu canal \u00e9tico\"},\"image\":{\"@id\":\"https:\/\/eticoaldia.es\/#\/schema\/logo\/image\/\"}}]}<\/script>\n<!-- \/ Yoast SEO plugin. -->","yoast_head_json":{"title":"Noticias Canal de denuncias para el cumplimiento normativo","description":"Noticias Ay\u00fadenos a cumplir con las normativas utilizando nuestro canal de denuncias para reportar cualquier violaci\u00f3n.","robots":{"index":"index","follow":"follow","max-snippet":"max-snippet:-1","max-image-preview":"max-image-preview:large","max-video-preview":"max-video-preview:-1"},"canonical":"https:\/\/eticoaldia.es\/?page_id=188","og_locale":"en_US","og_type":"article","og_title":"Noticias Canal de denuncias para el cumplimiento normativo","og_description":"Noticias Ay\u00fadenos a cumplir con las normativas utilizando nuestro canal de denuncias para reportar cualquier violaci\u00f3n.","og_url":"https:\/\/eticoaldia.es\/?page_id=188","og_site_name":"\u00c9tico al D\u00eda. Tu canal \u00e9tico","article_modified_time":"2025-04-14T05:48:38+00:00","twitter_card":"summary_large_image","schema":{"@context":"https:\/\/schema.org","@graph":[{"@type":"WebPage","@id":"https:\/\/eticoaldia.es\/?page_id=188","url":"https:\/\/eticoaldia.es\/?page_id=188","name":"Noticias Canal de denuncias para el cumplimiento normativo","isPartOf":{"@id":"https:\/\/eticoaldia.es\/#website"},"datePublished":"2023-04-07T18:13:54+00:00","dateModified":"2025-04-14T05:48:38+00:00","description":"Noticias Ay\u00fadenos a cumplir con las normativas utilizando nuestro canal de denuncias para reportar cualquier violaci\u00f3n.","breadcrumb":{"@id":"https:\/\/eticoaldia.es\/?page_id=188#breadcrumb"},"inLanguage":"en-US","potentialAction":[{"@type":"ReadAction","target":["https:\/\/eticoaldia.es\/?page_id=188"]}]},{"@type":"BreadcrumbList","@id":"https:\/\/eticoaldia.es\/?page_id=188#breadcrumb","itemListElement":[{"@type":"ListItem","position":1,"name":"Home","item":"https:\/\/eticoaldia.es\/"},{"@type":"ListItem","position":2,"name":"Blog"}]},{"@type":"WebSite","@id":"https:\/\/eticoaldia.es\/#website","url":"https:\/\/eticoaldia.es\/","name":"\u00c9tico al D\u00eda. Tu canal \u00e9tico","description":"","publisher":{"@id":"https:\/\/eticoaldia.es\/#organization"},"potentialAction":[{"@type":"SearchAction","target":{"@type":"EntryPoint","urlTemplate":"https:\/\/eticoaldia.es\/?s={search_term_string}"},"query-input":"required name=search_term_string"}],"inLanguage":"en-US"},{"@type":"Organization","@id":"https:\/\/eticoaldia.es\/#organization","name":"\u00c9tico al D\u00eda. Tu canal \u00e9tico","url":"https:\/\/eticoaldia.es\/","logo":{"@type":"ImageObject","inLanguage":"en-US","@id":"https:\/\/eticoaldia.es\/#\/schema\/logo\/image\/","url":"","contentUrl":"","caption":"\u00c9tico al D\u00eda. Tu canal \u00e9tico"},"image":{"@id":"https:\/\/eticoaldia.es\/#\/schema\/logo\/image\/"}}]}},"rttpg_featured_image_url":null,"rttpg_author":{"display_name":"eticoaldia","author_link":"https:\/\/eticoaldia.es\/?author=2"},"rttpg_comment":0,"rttpg_category":"","rttpg_excerpt":null,"_links":{"self":[{"href":"https:\/\/eticoaldia.es\/index.php?rest_route=\/wp\/v2\/pages\/188","targetHints":{"allow":["GET"]}}],"collection":[{"href":"https:\/\/eticoaldia.es\/index.php?rest_route=\/wp\/v2\/pages"}],"about":[{"href":"https:\/\/eticoaldia.es\/index.php?rest_route=\/wp\/v2\/types\/page"}],"author":[{"embeddable":true,"href":"https:\/\/eticoaldia.es\/index.php?rest_route=\/wp\/v2\/users\/2"}],"replies":[{"embeddable":true,"href":"https:\/\/eticoaldia.es\/index.php?rest_route=%2Fwp%2Fv2%2Fcomments&post=188"}],"version-history":[{"count":3,"href":"https:\/\/eticoaldia.es\/index.php?rest_route=\/wp\/v2\/pages\/188\/revisions"}],"predecessor-version":[{"id":746,"href":"https:\/\/eticoaldia.es\/index.php?rest_route=\/wp\/v2\/pages\/188\/revisions\/746"}],"wp:attachment":[{"href":"https:\/\/eticoaldia.es\/index.php?rest_route=%2Fwp%2Fv2%2Fmedia&parent=188"}],"curies":[{"name":"wp","href":"https:\/\/api.w.org\/{rel}","templated":true}]}}